{"id":2835,"date":"2018-12-11T22:40:31","date_gmt":"2018-12-11T21:40:31","guid":{"rendered":"https:\/\/wheels2rent.de\/test\/?page_id=2835"},"modified":"2020-02-07T16:51:48","modified_gmt":"2020-02-07T15:51:48","slug":"radsportartikel","status":"publish","type":"page","link":"https:\/\/wheels2rent.de\/en\/radsportartikel\/","title":{"rendered":"Radsportartikel"},"content":{"rendered":"<h4><strong>Radsportartikel<\/strong><\/h4>\n<p class=\"bodytext\">Die Radsportartikel von HEUER basieren auf unserer langj\u00e4hrige Erfahrung in der Hersellung von Pr\u00e4zisionsteilen. Wir haben uns auf die CNC-Metallbearbeitung spezialisiert. Unsere Kernkompetenz ist die Herstellung von Dreh- und Fr\u00e4steilen aus Stahl und Nichteisenmetallen. Mit unserem neue erweiterten Maschinenpark und unserem hervorragend ausgebildeten Team l\u00f6sen wir f\u00fcr Sie komplexe und schwierige Aufgaben in kurzer Zeit und das mit der von Ihnen geforderten Qualit\u00e4t.<\/p>\n<p>Zu unseren Kunden z\u00e4hlen Betriebe aus unserer Region Stuttgart \/ Mittlerer-Neckar, in Baden-W\u00fcrttemberg und ganz Deutschland. \u00dcber die Grenzen von Deutschland hinaus haben wir uns einen Namen gemacht.<\/p>\n<h4><strong>Fahrradnaben<\/strong><\/h4>\n<p>Das Zentrum und somit das Herzst\u00fcck eines Laufrades ist die\u00a0Nabe.\u00a0Unsere besondere\u00a0Sorgfalt liegt hier in der passgenauen\u00a0Herstellung der Lagersitze.\u00a0Die Nabenk\u00f6rper werden aus Vollmaterial in mehreren Schritten hergestellt. Damit eliminieren wir Spannungen, die\u00a0beispielsweise bei Schmiedeteilen oder Druckgu\u00dfteilen im Material verbleiben, nahezu vollst\u00e4ndig.<\/p>\n<p>F\u00fcr unsere Naben werden ausschlie\u00dflich qualitativ hochwertige Lager aus europ\u00e4ischer Herstellung eingesetzt. Auch auf die entsprechend richtige Abdichtung des Lagers legen wir besonderen Wert. Damit gew\u00e4hrleisten wir eine lange Lebensdauer bei wartungsarmer Handhabung.<\/p>\n<h4>Veredelung<\/h4>\n<p>Wir liefern unsere Fahrradnaben und Komplettr\u00e4der auch mit speziellen Kundenw\u00fcnschen.<\/p>\n<ul>\n<li>Polieren<\/li>\n<li>Eloxieren (auch verschiedene Farben)<\/li>\n<li>Vergolden<\/li>\n<li>Beschriften<\/li>\n<\/ul>\n<p>Verschiedenfarbige Speichennippel und Naben, gelasert personalisiert mit eigenem Schriftzug und vieles mehr.<\/p>\n<p>Schreibt uns Eure Ideen, wir versuchen diese umzusetzen.<\/p>\n<p>Unikate f\u00fcr kreative Sportler. Und das mit \u00fcberschaubaren Mehrkosten. Durch die Optimierung unserer Abl\u00e4ufe k\u00f6nnen wir das schon bei Einzelteilen darstellen.<\/p>\n<p>Daf\u00fcr haben wir ausgezeichnete lokale Partner, mit denen wir seit vielen Jahren eng zusammenarbeiten.<\/p>","protected":false},"excerpt":{"rendered":"<p>Radsportartikel Die Radsportartikel von HEUER basieren auf unserer langj\u00e4hrige Erfahrung in der Hersellung von Pr\u00e4zisionsteilen. Wir haben uns auf die CNC-Metallbearbeitung spezialisiert. Unsere Kernkompetenz ist die Herstellung von Dreh- und Fr\u00e4steilen aus Stahl und Nichteisenmetallen. Mit unserem neue erweiterten Maschinenpark und unserem hervorragend ausgebildeten Team l\u00f6sen wir f\u00fcr Sie komplexe und schwierige Aufgaben in kurzer [&hellip;]<\/p>","protected":false},"author":1,"featured_media":0,"parent":0,"menu_order":0,"comment_status":"closed","ping_status":"closed","template":"","meta":[],"yoast_head":"<!-- This site is optimized with the Yoast SEO plugin v17.5 - https:\/\/yoast.com\/wordpress\/plugins\/seo\/ -->\n<title>Radsportartikel f\u00fcr ambitionierte und professionelle Sportler<\/title>\n<meta name=\"description\" content=\"Radsportartikel f\u00fcr ambitionierte und professionelle Sportler mit hohem Anspruch an Design und Qualit\u00e4t von HEUER Radsport\" \/>\n<meta name=\"robots\" content=\"index, follow, max-snippet:-1, max-image-preview:large, max-video-preview:-1\" \/>\n<link rel=\"canonical\" href=\"https:\/\/wheels2rent.de\/en\/radsportartikel\/\" \/>\n<meta property=\"og:locale\" content=\"en_GB\" \/>\n<meta property=\"og:type\" content=\"article\" \/>\n<meta property=\"og:title\" content=\"Radsportartikel f\u00fcr ambitionierte und professionelle Sportler\" \/>\n<meta property=\"og:description\" content=\"Radsportartikel f\u00fcr ambitionierte und professionelle Sportler mit hohem Anspruch an Design und Qualit\u00e4t von HEUER Radsport\" \/>\n<meta property=\"og:url\" content=\"https:\/\/wheels2rent.de\/en\/radsportartikel\/\" \/>\n<meta property=\"og:site_name\" content=\"Wheels2rent\" \/>\n<meta property=\"article:publisher\" content=\"https:\/\/www.facebook.com\/HeuerRadsport\/\" \/>\n<meta property=\"article:modified_time\" content=\"2020-02-07T15:51:48+00:00\" \/>\n<meta name=\"twitter:card\" content=\"summary_large_image\" \/>\n<meta name=\"twitter:site\" content=\"@radsport_heuer\" \/>\n<meta name=\"twitter:label1\" content=\"Estimated reading time\" \/>\n\t<meta name=\"twitter:data1\" content=\"1 minute\" \/>\n<script type=\"application\/ld+json\" class=\"yoast-schema-graph\">{\"@context\":\"https:\/\/schema.org\",\"@graph\":[{\"@type\":\"Organization\",\"@id\":\"https:\/\/wheels2rent.de\/#organization\",\"name\":\"Heuer Radsport\",\"url\":\"https:\/\/wheels2rent.de\/\",\"sameAs\":[\"https:\/\/www.facebook.com\/HeuerRadsport\/\",\"https:\/\/www.instagram.com\/radsport_heuer\/\",\"https:\/\/www.youtube.com\/channel\/UCuFkVFhY376_zRGfw_0Oy-Q\",\"https:\/\/twitter.com\/radsport_heuer\"],\"logo\":{\"@type\":\"ImageObject\",\"@id\":\"https:\/\/wheels2rent.de\/#logo\",\"inLanguage\":\"en-GB\",\"url\":\"https:\/\/wheels2rent.de\/test\/wp-content\/uploads\/2019\/01\/logo2.jpg\",\"contentUrl\":\"https:\/\/wheels2rent.de\/test\/wp-content\/uploads\/2019\/01\/logo2.jpg\",\"width\":750,\"height\":186,\"caption\":\"Heuer Radsport\"},\"image\":{\"@id\":\"https:\/\/wheels2rent.de\/#logo\"}},{\"@type\":\"WebSite\",\"@id\":\"https:\/\/wheels2rent.de\/#website\",\"url\":\"https:\/\/wheels2rent.de\/\",\"name\":\"Heuer Radsport\",\"description\":\"Vollgas! oder einfach: Kette rechts\",\"publisher\":{\"@id\":\"https:\/\/wheels2rent.de\/#organization\"},\"potentialAction\":[{\"@type\":\"SearchAction\",\"target\":{\"@type\":\"EntryPoint\",\"urlTemplate\":\"https:\/\/wheels2rent.de\/?s={search_term_string}\"},\"query-input\":\"required name=search_term_string\"}],\"inLanguage\":\"en-GB\"},{\"@type\":\"WebPage\",\"@id\":\"https:\/\/wheels2rent.de\/radsportartikel\/#webpage\",\"url\":\"https:\/\/wheels2rent.de\/radsportartikel\/\",\"name\":\"Radsportartikel f\\u00fcr ambitionierte und professionelle Sportler\",\"isPartOf\":{\"@id\":\"https:\/\/wheels2rent.de\/#website\"},\"datePublished\":\"2018-12-11T21:40:31+00:00\",\"dateModified\":\"2020-02-07T15:51:48+00:00\",\"description\":\"Radsportartikel f\\u00fcr ambitionierte und professionelle Sportler mit hohem Anspruch an Design und Qualit\\u00e4t von HEUER Radsport\",\"breadcrumb\":{\"@id\":\"https:\/\/wheels2rent.de\/radsportartikel\/#breadcrumb\"},\"inLanguage\":\"en-GB\",\"potentialAction\":[{\"@type\":\"ReadAction\",\"target\":[\"https:\/\/wheels2rent.de\/radsportartikel\/\"]}]},{\"@type\":\"BreadcrumbList\",\"@id\":\"https:\/\/wheels2rent.de\/radsportartikel\/#breadcrumb\",\"itemListElement\":[{\"@type\":\"ListItem\",\"position\":1,\"name\":\"Home\",\"item\":\"https:\/\/wheels2rent.de\/\"},{\"@type\":\"ListItem\",\"position\":2,\"name\":\"Radsportartikel\"}]}]}<\/script>\n<!-- \/ Yoast SEO plugin. -->","yoast_head_json":{"title":"Radsportartikel f\u00fcr ambitionierte und professionelle Sportler","description":"Radsportartikel f\u00fcr ambitionierte und professionelle Sportler mit hohem Anspruch an Design und Qualit\u00e4t von HEUER Radsport","robots":{"index":"index","follow":"follow","max-snippet":"max-snippet:-1","max-image-preview":"max-image-preview:large","max-video-preview":"max-video-preview:-1"},"canonical":"https:\/\/wheels2rent.de\/en\/radsportartikel\/","og_locale":"en_GB","og_type":"article","og_title":"Radsportartikel f\u00fcr ambitionierte und professionelle Sportler","og_description":"Radsportartikel f\u00fcr ambitionierte und professionelle Sportler mit hohem Anspruch an Design und Qualit\u00e4t von HEUER Radsport","og_url":"https:\/\/wheels2rent.de\/en\/radsportartikel\/","og_site_name":"Wheels2rent","article_publisher":"https:\/\/www.facebook.com\/HeuerRadsport\/","article_modified_time":"2020-02-07T15:51:48+00:00","twitter_card":"summary_large_image","twitter_site":"@radsport_heuer","twitter_misc":{"Estimated reading time":"1 minute"},"schema":{"@context":"https:\/\/schema.org","@graph":[{"@type":"Organization","@id":"https:\/\/wheels2rent.de\/#organization","name":"Heuer Radsport","url":"https:\/\/wheels2rent.de\/","sameAs":["https:\/\/www.facebook.com\/HeuerRadsport\/","https:\/\/www.instagram.com\/radsport_heuer\/","https:\/\/www.youtube.com\/channel\/UCuFkVFhY376_zRGfw_0Oy-Q","https:\/\/twitter.com\/radsport_heuer"],"logo":{"@type":"ImageObject","@id":"https:\/\/wheels2rent.de\/#logo","inLanguage":"en-GB","url":"https:\/\/wheels2rent.de\/test\/wp-content\/uploads\/2019\/01\/logo2.jpg","contentUrl":"https:\/\/wheels2rent.de\/test\/wp-content\/uploads\/2019\/01\/logo2.jpg","width":750,"height":186,"caption":"Heuer Radsport"},"image":{"@id":"https:\/\/wheels2rent.de\/#logo"}},{"@type":"WebSite","@id":"https:\/\/wheels2rent.de\/#website","url":"https:\/\/wheels2rent.de\/","name":"Heuer Radsport","description":"Vollgas! oder einfach: Kette rechts","publisher":{"@id":"https:\/\/wheels2rent.de\/#organization"},"potentialAction":[{"@type":"SearchAction","target":{"@type":"EntryPoint","urlTemplate":"https:\/\/wheels2rent.de\/?s={search_term_string}"},"query-input":"required name=search_term_string"}],"inLanguage":"en-GB"},{"@type":"WebPage","@id":"https:\/\/wheels2rent.de\/radsportartikel\/#webpage","url":"https:\/\/wheels2rent.de\/radsportartikel\/","name":"Radsportartikel f\u00fcr ambitionierte und professionelle Sportler","isPartOf":{"@id":"https:\/\/wheels2rent.de\/#website"},"datePublished":"2018-12-11T21:40:31+00:00","dateModified":"2020-02-07T15:51:48+00:00","description":"Radsportartikel f\u00fcr ambitionierte und professionelle Sportler mit hohem Anspruch an Design und Qualit\u00e4t von HEUER Radsport","breadcrumb":{"@id":"https:\/\/wheels2rent.de\/radsportartikel\/#breadcrumb"},"inLanguage":"en-GB","potentialAction":[{"@type":"ReadAction","target":["https:\/\/wheels2rent.de\/radsportartikel\/"]}]},{"@type":"BreadcrumbList","@id":"https:\/\/wheels2rent.de\/radsportartikel\/#breadcrumb","itemListElement":[{"@type":"ListItem","position":1,"name":"Home","item":"https:\/\/wheels2rent.de\/"},{"@type":"ListItem","position":2,"name":"Radsportartikel"}]}]}},"_links":{"self":[{"href":"https:\/\/wheels2rent.de\/en\/wp-json\/wp\/v2\/pages\/2835"}],"collection":[{"href":"https:\/\/wheels2rent.de\/en\/wp-json\/wp\/v2\/pages"}],"about":[{"href":"https:\/\/wheels2rent.de\/en\/wp-json\/wp\/v2\/types\/page"}],"author":[{"embeddable":true,"href":"https:\/\/wheels2rent.de\/en\/wp-json\/wp\/v2\/users\/1"}],"replies":[{"embeddable":true,"href":"https:\/\/wheels2rent.de\/en\/wp-json\/wp\/v2\/comments?post=2835"}],"version-history":[{"count":7,"href":"https:\/\/wheels2rent.de\/en\/wp-json\/wp\/v2\/pages\/2835\/revisions"}],"predecessor-version":[{"id":5331,"href":"https:\/\/wheels2rent.de\/en\/wp-json\/wp\/v2\/pages\/2835\/revisions\/5331"}],"wp:attachment":[{"href":"https:\/\/wheels2rent.de\/en\/wp-json\/wp\/v2\/media?parent=2835"}],"curies":[{"name":"wp","href":"https:\/\/api.w.org\/{rel}","templated":true}]}}