{"id":2841,"date":"2018-12-11T22:42:27","date_gmt":"2018-12-11T21:42:27","guid":{"rendered":"https:\/\/wheels2rent.de\/test\/?page_id=2841"},"modified":"2020-05-31T23:45:24","modified_gmt":"2020-05-31T21:45:24","slug":"kontakt","status":"publish","type":"page","link":"https:\/\/wheels2rent.de\/en\/kontakt\/","title":{"rendered":"Ihr Kontakt zu uns"},"content":{"rendered":"<div class=\"vc_row wpb_row vc_row-fluid\"><div class=\"wpb_column vc_column_container vc_col-sm-12\"><div class=\"vc_column-inner\"><div class=\"wpb_wrapper\"><div class=\"wpb_gmaps_widget wpb_content_element\" >\n\t\t<div class=\"wpb_wrapper\">\n\t\t<div class=\"wpb_map_wraper\">\n\t\t\t<div class=\"BorlabsCookie\"><div class=\"_brlbs-content-blocker\"> <div class=\"_brlbs-embed _brlbs-google-maps\"> <img class=\"_brlbs-thumbnail\" src=\"https:\/\/wheels2rent.de\/test\/wp-content\/plugins\/borlabs-cookie\/images\/cb-maps.png\" alt=\"Google Maps\"> <div class=\"_brlbs-caption\"> <p>Mit dem Laden der Karte akzeptieren Sie die Datenschutzerkl\u00e4rung von Google.<br><a href=\"https:\/\/policies.google.com\/privacy\" target=\"_blank\" rel=\"nofollow\">Mehr erfahren<\/a><\/p> <p><a class=\"_brlbs-btn\" href=\"#\" data-borlabs-cookie-unblock role=\"button\">Karte laden<\/a><\/p> <p><label><input type=\"checkbox\" name=\"unblockAll\" value=\"1\" checked> <small>Google Maps immer entsperren<\/small><\/label><\/p> <\/div> <\/div> <\/div><div class=\"borlabs-hide\" data-borlabs-cookie-type=\"content-blocker\" data-borlabs-cookie-id=\"googlemaps\"><script type=\"text\/template\">PGlmcmFtZSBzcmM9Imh0dHBzOi8vd3d3Lmdvb2dsZS5jb20vbWFwcy9lbWJlZD9wYj0hMW0xOCExbTEyITFtMyExZDI2MzQuMTc3NTQ5MTU3NjQ2ITJkOS40MjYwMzEzMTU2NjgxOSEzZDQ4LjY4Mjk2OTk3OTI3MDY5NSEybTMhMWYwITJmMCEzZjAhM20yITFpMTAyNCEyaTc2OCE0ZjEzLjEhM20zITFtMiExczB4NDc5OWJlNDM4MWM1YmU4NyUzQTB4YWZjODg2N2NmMDFlN2U4ITJzSGV1ZXIrUmFkc3BvcnQhNWUwITNtMiExc2RlITJzZGUhNHYxNTQ3OTI4NDg1MTU3IiB3aWR0aD0iNjAwIiBoZWlnaHQ9IjQ1MCIgZnJhbWVib3JkZXI9IjAiIHN0eWxlPSJib3JkZXI6MCIgYWxsb3dmdWxsc2NyZWVuPjwvaWZyYW1lPg==<\/script><\/div><\/div>\t\t<\/div>\n\t<\/div>\n<\/div>\n<\/div><\/div><\/div><\/div><div class=\"vc_row wpb_row vc_row-fluid\"><div class=\"wpb_column vc_column_container vc_col-sm-6\"><div class=\"vc_column-inner\"><div class=\"wpb_wrapper\">\n\t<div class=\"wpb_text_column wpb_content_element\" >\n\t\t<div class=\"wpb_wrapper\">\n\t\t\t<p><strong>Ihr Kontakt zu uns:<\/strong><\/p>\n<p><img loading=\"lazy\" class=\"alignnone size-full wp-image-4489\" src=\"https:\/\/wheels2rent.de\/test\/wp-content\/uploads\/2019\/11\/heuer_Radsport_logo_250.jpg\" alt=\"HEUER Radsport 250\" width=\"250\" height=\"62\" \/><img loading=\"lazy\" class=\"alignnone wp-image-5808\" src=\"https:\/\/wheels2rent.de\/test\/wp-content\/uploads\/2020\/05\/wheels2rent.jpg\" alt=\"wheels2rent ist wheels to rent\" width=\"181\" height=\"80\" srcset=\"https:\/\/wheels2rent.de\/test\/wp-content\/uploads\/2020\/05\/wheels2rent.jpg 2413w, https:\/\/wheels2rent.de\/test\/wp-content\/uploads\/2020\/05\/wheels2rent-300x132.jpg 300w, https:\/\/wheels2rent.de\/test\/wp-content\/uploads\/2020\/05\/wheels2rent-1024x450.jpg 1024w, https:\/\/wheels2rent.de\/test\/wp-content\/uploads\/2020\/05\/wheels2rent-768x338.jpg 768w, https:\/\/wheels2rent.de\/test\/wp-content\/uploads\/2020\/05\/wheels2rent-1536x675.jpg 1536w, https:\/\/wheels2rent.de\/test\/wp-content\/uploads\/2020\/05\/wheels2rent-2048x901.jpg 2048w, https:\/\/wheels2rent.de\/test\/wp-content\/uploads\/2020\/05\/wheels2rent-600x264.jpg 600w\" sizes=\"(max-width: 181px) 92vw, 181px\" \/><\/p>\n<p>Joachim Heuer<\/p>\n<p>Hotline:\u00a0 +49 (0) 711 52 85 15 28<br \/>\nTelefax:\u00a0 +49 (0) 711 52 85 15 88<br \/>\nE-Mail:\u00a0\u00a0\u00a0 joachim@heuer-radsport.de<\/p>\n\n\t\t<\/div>\n\t<\/div>\n\n\t<div class=\"wpb_text_column wpb_content_element\" >\n\t\t<div class=\"wpb_wrapper\">\n\t\t\t<p><strong>Anschrift:<\/strong><\/p>\n<p>Joachim Heuer<br \/>\nHeuer Radsport<\/p>\n<p>Haldenstra\u00dfe 6<br \/>\n73730 Esslingen<br \/>\nDeutschland<\/p>\n\n\t\t<\/div>\n\t<\/div>\n<\/div><\/div><\/div><div class=\"wpb_column vc_column_container vc_col-sm-6\"><div class=\"vc_column-inner\"><div class=\"wpb_wrapper\">\n\t<div class=\"wpb_text_column wpb_content_element\" >\n\t\t<div class=\"wpb_wrapper\">\n\t\t\t<p><strong>Retourenadresse:<\/strong><\/p>\n<p>Heuer Radsport<br \/>\nRetoure<br \/>\nBorsigstra\u00dfe 26<br \/>\n73249 Wernau<br \/>\nDeutschland<\/p>\n\n\t\t<\/div>\n\t<\/div>\n\n\t<div class=\"wpb_text_column wpb_content_element\" >\n\t\t<div class=\"wpb_wrapper\">\n\t\t\t<p><strong>Gesch\u00e4ftszeiten:<\/strong><\/p>\n<p>nach Vereinbarung, wir freuen uns.<\/p>\n\n\t\t<\/div>\n\t<\/div>\n<\/div><\/div><\/div><\/div>","protected":false},"excerpt":{"rendered":"Ihr Kontakt zu uns: Joachim Heuer Hotline:\u00a0 +49 (0) 711 52 85 15 28 Telefax:\u00a0 +49 (0) 711 52 85 15 88 E-Mail:\u00a0\u00a0\u00a0 joachim@heuer-radsport.de Anschrift: Joachim Heuer Heuer Radsport Haldenstra\u00dfe 6 73730 Esslingen Deutschland Retourenadresse: Heuer Radsport Retoure Borsigstra\u00dfe 26 73249 Wernau Deutschland Gesch\u00e4ftszeiten: nach Vereinbarung, wir freuen uns.","protected":false},"author":1,"featured_media":5808,"parent":0,"menu_order":0,"comment_status":"closed","ping_status":"closed","template":"","meta":[],"yoast_head":"<!-- This site is optimized with the Yoast SEO plugin v17.5 - https:\/\/yoast.com\/wordpress\/plugins\/seo\/ -->\n<title>Ihr Kontakt zu uns soll so einfach wie m\u00f6glich sein<\/title>\n<meta name=\"description\" content=\"Wir freuen uns \u00fcber die Ihren Kontakt oder ihre Nachricht. Gerne d\u00fcrfen Sie uns auch in unserem Standort in Wernau besuchen.\" \/>\n<meta name=\"robots\" content=\"index, follow, max-snippet:-1, max-image-preview:large, max-video-preview:-1\" \/>\n<link rel=\"canonical\" href=\"https:\/\/wheels2rent.de\/en\/kontakt\/\" \/>\n<meta property=\"og:locale\" content=\"en_GB\" \/>\n<meta property=\"og:type\" content=\"article\" \/>\n<meta property=\"og:title\" content=\"Ihr Kontakt zu uns soll so einfach wie m\u00f6glich sein\" \/>\n<meta property=\"og:description\" content=\"Wir freuen uns \u00fcber die Ihren Kontakt oder ihre Nachricht. Gerne d\u00fcrfen Sie uns auch in unserem Standort in Wernau besuchen.\" \/>\n<meta property=\"og:url\" content=\"https:\/\/wheels2rent.de\/en\/kontakt\/\" \/>\n<meta property=\"og:site_name\" content=\"Wheels2rent\" \/>\n<meta property=\"article:publisher\" content=\"https:\/\/www.facebook.com\/HeuerRadsport\/\" \/>\n<meta property=\"article:modified_time\" content=\"2020-05-31T21:45:24+00:00\" \/>\n<meta property=\"og:image\" content=\"https:\/\/wheels2rent.de\/test\/wp-content\/uploads\/2020\/05\/wheels2rent.jpg\" \/>\n\t<meta property=\"og:image:width\" content=\"2413\" \/>\n\t<meta property=\"og:image:height\" content=\"1061\" \/>\n<meta name=\"twitter:card\" content=\"summary_large_image\" \/>\n<meta name=\"twitter:site\" content=\"@radsport_heuer\" \/>\n<meta name=\"twitter:label1\" content=\"Estimated reading time\" \/>\n\t<meta name=\"twitter:data1\" content=\"1 minute\" \/>\n<script type=\"application\/ld+json\" class=\"yoast-schema-graph\">{\"@context\":\"https:\/\/schema.org\",\"@graph\":[{\"@type\":\"Organization\",\"@id\":\"https:\/\/wheels2rent.de\/#organization\",\"name\":\"Heuer Radsport\",\"url\":\"https:\/\/wheels2rent.de\/\",\"sameAs\":[\"https:\/\/www.facebook.com\/HeuerRadsport\/\",\"https:\/\/www.instagram.com\/radsport_heuer\/\",\"https:\/\/www.youtube.com\/channel\/UCuFkVFhY376_zRGfw_0Oy-Q\",\"https:\/\/twitter.com\/radsport_heuer\"],\"logo\":{\"@type\":\"ImageObject\",\"@id\":\"https:\/\/wheels2rent.de\/#logo\",\"inLanguage\":\"en-GB\",\"url\":\"https:\/\/wheels2rent.de\/test\/wp-content\/uploads\/2019\/01\/logo2.jpg\",\"contentUrl\":\"https:\/\/wheels2rent.de\/test\/wp-content\/uploads\/2019\/01\/logo2.jpg\",\"width\":750,\"height\":186,\"caption\":\"Heuer Radsport\"},\"image\":{\"@id\":\"https:\/\/wheels2rent.de\/#logo\"}},{\"@type\":\"WebSite\",\"@id\":\"https:\/\/wheels2rent.de\/#website\",\"url\":\"https:\/\/wheels2rent.de\/\",\"name\":\"Heuer Radsport\",\"description\":\"Vollgas! oder einfach: Kette rechts\",\"publisher\":{\"@id\":\"https:\/\/wheels2rent.de\/#organization\"},\"potentialAction\":[{\"@type\":\"SearchAction\",\"target\":{\"@type\":\"EntryPoint\",\"urlTemplate\":\"https:\/\/wheels2rent.de\/?s={search_term_string}\"},\"query-input\":\"required name=search_term_string\"}],\"inLanguage\":\"en-GB\"},{\"@type\":\"ImageObject\",\"@id\":\"https:\/\/wheels2rent.de\/kontakt\/#primaryimage\",\"inLanguage\":\"en-GB\",\"url\":\"https:\/\/wheels2rent.de\/test\/wp-content\/uploads\/2020\/05\/wheels2rent.jpg\",\"contentUrl\":\"https:\/\/wheels2rent.de\/test\/wp-content\/uploads\/2020\/05\/wheels2rent.jpg\",\"width\":2413,\"height\":1061,\"caption\":\"wheels2rent ist wheels to rent\"},{\"@type\":\"WebPage\",\"@id\":\"https:\/\/wheels2rent.de\/kontakt\/#webpage\",\"url\":\"https:\/\/wheels2rent.de\/kontakt\/\",\"name\":\"Ihr Kontakt zu uns soll so einfach wie m\\u00f6glich sein\",\"isPartOf\":{\"@id\":\"https:\/\/wheels2rent.de\/#website\"},\"primaryImageOfPage\":{\"@id\":\"https:\/\/wheels2rent.de\/kontakt\/#primaryimage\"},\"datePublished\":\"2018-12-11T21:42:27+00:00\",\"dateModified\":\"2020-05-31T21:45:24+00:00\",\"description\":\"Wir freuen uns \\u00fcber die Ihren Kontakt oder ihre Nachricht. Gerne d\\u00fcrfen Sie uns auch in unserem Standort in Wernau besuchen.\",\"breadcrumb\":{\"@id\":\"https:\/\/wheels2rent.de\/kontakt\/#breadcrumb\"},\"inLanguage\":\"en-GB\",\"potentialAction\":[{\"@type\":\"ReadAction\",\"target\":[\"https:\/\/wheels2rent.de\/kontakt\/\"]}]},{\"@type\":\"BreadcrumbList\",\"@id\":\"https:\/\/wheels2rent.de\/kontakt\/#breadcrumb\",\"itemListElement\":[{\"@type\":\"ListItem\",\"position\":1,\"name\":\"Home\",\"item\":\"https:\/\/wheels2rent.de\/\"},{\"@type\":\"ListItem\",\"position\":2,\"name\":\"Ihr Kontakt zu uns\"}]}]}<\/script>\n<!-- \/ Yoast SEO plugin. -->","yoast_head_json":{"title":"Ihr Kontakt zu uns soll so einfach wie m\u00f6glich sein","description":"Wir freuen uns \u00fcber die Ihren Kontakt oder ihre Nachricht. Gerne d\u00fcrfen Sie uns auch in unserem Standort in Wernau besuchen.","robots":{"index":"index","follow":"follow","max-snippet":"max-snippet:-1","max-image-preview":"max-image-preview:large","max-video-preview":"max-video-preview:-1"},"canonical":"https:\/\/wheels2rent.de\/en\/kontakt\/","og_locale":"en_GB","og_type":"article","og_title":"Ihr Kontakt zu uns soll so einfach wie m\u00f6glich sein","og_description":"Wir freuen uns \u00fcber die Ihren Kontakt oder ihre Nachricht. Gerne d\u00fcrfen Sie uns auch in unserem Standort in Wernau besuchen.","og_url":"https:\/\/wheels2rent.de\/en\/kontakt\/","og_site_name":"Wheels2rent","article_publisher":"https:\/\/www.facebook.com\/HeuerRadsport\/","article_modified_time":"2020-05-31T21:45:24+00:00","og_image":[{"width":2413,"height":1061,"url":"https:\/\/wheels2rent.de\/test\/wp-content\/uploads\/2020\/05\/wheels2rent.jpg","type":"image\/jpeg"}],"twitter_card":"summary_large_image","twitter_site":"@radsport_heuer","twitter_misc":{"Estimated reading time":"1 minute"},"schema":{"@context":"https:\/\/schema.org","@graph":[{"@type":"Organization","@id":"https:\/\/wheels2rent.de\/#organization","name":"Heuer Radsport","url":"https:\/\/wheels2rent.de\/","sameAs":["https:\/\/www.facebook.com\/HeuerRadsport\/","https:\/\/www.instagram.com\/radsport_heuer\/","https:\/\/www.youtube.com\/channel\/UCuFkVFhY376_zRGfw_0Oy-Q","https:\/\/twitter.com\/radsport_heuer"],"logo":{"@type":"ImageObject","@id":"https:\/\/wheels2rent.de\/#logo","inLanguage":"en-GB","url":"https:\/\/wheels2rent.de\/test\/wp-content\/uploads\/2019\/01\/logo2.jpg","contentUrl":"https:\/\/wheels2rent.de\/test\/wp-content\/uploads\/2019\/01\/logo2.jpg","width":750,"height":186,"caption":"Heuer Radsport"},"image":{"@id":"https:\/\/wheels2rent.de\/#logo"}},{"@type":"WebSite","@id":"https:\/\/wheels2rent.de\/#website","url":"https:\/\/wheels2rent.de\/","name":"Heuer Radsport","description":"Vollgas! oder einfach: Kette rechts","publisher":{"@id":"https:\/\/wheels2rent.de\/#organization"},"potentialAction":[{"@type":"SearchAction","target":{"@type":"EntryPoint","urlTemplate":"https:\/\/wheels2rent.de\/?s={search_term_string}"},"query-input":"required name=search_term_string"}],"inLanguage":"en-GB"},{"@type":"ImageObject","@id":"https:\/\/wheels2rent.de\/kontakt\/#primaryimage","inLanguage":"en-GB","url":"https:\/\/wheels2rent.de\/test\/wp-content\/uploads\/2020\/05\/wheels2rent.jpg","contentUrl":"https:\/\/wheels2rent.de\/test\/wp-content\/uploads\/2020\/05\/wheels2rent.jpg","width":2413,"height":1061,"caption":"wheels2rent ist wheels to rent"},{"@type":"WebPage","@id":"https:\/\/wheels2rent.de\/kontakt\/#webpage","url":"https:\/\/wheels2rent.de\/kontakt\/","name":"Ihr Kontakt zu uns soll so einfach wie m\u00f6glich sein","isPartOf":{"@id":"https:\/\/wheels2rent.de\/#website"},"primaryImageOfPage":{"@id":"https:\/\/wheels2rent.de\/kontakt\/#primaryimage"},"datePublished":"2018-12-11T21:42:27+00:00","dateModified":"2020-05-31T21:45:24+00:00","description":"Wir freuen uns \u00fcber die Ihren Kontakt oder ihre Nachricht. Gerne d\u00fcrfen Sie uns auch in unserem Standort in Wernau besuchen.","breadcrumb":{"@id":"https:\/\/wheels2rent.de\/kontakt\/#breadcrumb"},"inLanguage":"en-GB","potentialAction":[{"@type":"ReadAction","target":["https:\/\/wheels2rent.de\/kontakt\/"]}]},{"@type":"BreadcrumbList","@id":"https:\/\/wheels2rent.de\/kontakt\/#breadcrumb","itemListElement":[{"@type":"ListItem","position":1,"name":"Home","item":"https:\/\/wheels2rent.de\/"},{"@type":"ListItem","position":2,"name":"Ihr Kontakt zu uns"}]}]}},"_links":{"self":[{"href":"https:\/\/wheels2rent.de\/en\/wp-json\/wp\/v2\/pages\/2841"}],"collection":[{"href":"https:\/\/wheels2rent.de\/en\/wp-json\/wp\/v2\/pages"}],"about":[{"href":"https:\/\/wheels2rent.de\/en\/wp-json\/wp\/v2\/types\/page"}],"author":[{"embeddable":true,"href":"https:\/\/wheels2rent.de\/en\/wp-json\/wp\/v2\/users\/1"}],"replies":[{"embeddable":true,"href":"https:\/\/wheels2rent.de\/en\/wp-json\/wp\/v2\/comments?post=2841"}],"version-history":[{"count":22,"href":"https:\/\/wheels2rent.de\/en\/wp-json\/wp\/v2\/pages\/2841\/revisions"}],"predecessor-version":[{"id":5842,"href":"https:\/\/wheels2rent.de\/en\/wp-json\/wp\/v2\/pages\/2841\/revisions\/5842"}],"wp:featuredmedia":[{"embeddable":true,"href":"https:\/\/wheels2rent.de\/en\/wp-json\/wp\/v2\/media\/5808"}],"wp:attachment":[{"href":"https:\/\/wheels2rent.de\/en\/wp-json\/wp\/v2\/media?parent=2841"}],"curies":[{"name":"wp","href":"https:\/\/api.w.org\/{rel}","templated":true}]}}