{"id":2875,"date":"2018-12-13T18:41:15","date_gmt":"2018-12-13T17:41:15","guid":{"rendered":"https:\/\/wheels2rent.de\/test\/?page_id=2875"},"modified":"2020-03-05T10:50:36","modified_gmt":"2020-03-05T09:50:36","slug":"impressum","status":"publish","type":"page","link":"https:\/\/wheels2rent.de\/en\/impressum\/","title":{"rendered":"Impressum"},"content":{"rendered":"<div class=\"vc_row wpb_row vc_row-fluid\"><div class=\"wpb_column vc_column_container vc_col-sm-12\"><div class=\"vc_column-inner\"><div class=\"wpb_wrapper\">\n\t<div class=\"wpb_text_column wpb_content_element\" >\n\t\t<div class=\"wpb_wrapper\">\n\t\t\t<h3>Impressum &#8211; Angaben gem\u00e4\u00df \u00a7 5 TMG<\/h3>\n<p>Joachim Heuer<br \/>\nHaldenstra\u00dfe 6<br \/>\n73730 Esslingen<\/p>\n<p><strong>Vertreten durch:<\/strong><br \/>\nJoachim Heuer Dipl-Ing. (FH)<\/p>\n<h3>Kontakt<\/h3>\n<p>Telefon: +49 711 52 85 15 28<br \/>\nE-Mail: joachim(\u00e4d)heuer-radsport(dot)de<\/p>\n<h3>Umsatzsteuer-ID<\/h3>\n<p>Umsatzsteuer-Identifikationsnummer gem\u00e4\u00df \u00a727 a Umsatzsteuergesetz:<br \/>\nDE26ZZZ00002299662<\/p>\n<h3>Verantwortlich f\u00fcr den Inhalt nach \u00a7 55 Abs. 2 RStV<\/h3>\n<p>Joachim Heuer Dipl-Ing. (FH)<\/p>\n<h3>Streitschlichtung<\/h3>\n<p>Die Europ\u00e4ische Kommission stellt eine Plattform zur Online-Streitbeilegung (OS) bereit: <a href=\"https:\/\/ec.europa.eu\/consumers\/odr\" target=\"_blank\" rel=\"noopener noreferrer\">https:\/\/ec.europa.eu\/consumers\/odr<\/a>.<br \/>\nUnsere E-Mail-Adresse finden Sie oben im Impressum.<\/p>\n<p>Wir sind nicht bereit oder verpflichtet, an Streitbeilegungsverfahren vor einer Verbraucherschlichtungsstelle teilzunehmen.<\/p>\n<h4>Haftung f\u00fcr Inhalte<\/h4>\n<p>Als Diensteanbieter sind wir gem\u00e4\u00df \u00a7 7 Abs.1 TMG f\u00fcr eigene Inhalte auf diesen Seiten nach den allgemeinen Gesetzen verantwortlich. Nach \u00a7\u00a7 8 bis 10 TMG sind wir als Diensteanbieter jedoch nicht verpflichtet, \u00fcbermittelte oder gespeicherte fremde Informationen zu \u00fcberwachen oder nach Umst\u00e4nden zu forschen, die auf eine rechtswidrige T\u00e4tigkeit hinweisen.<\/p>\n<p>Verpflichtungen zur Entfernung oder Sperrung der Nutzung von Informationen nach den allgemeinen Gesetzen bleiben hiervon unber\u00fchrt. Eine diesbez\u00fcgliche Haftung ist jedoch erst ab dem Zeitpunkt der Kenntnis einer konkreten Rechtsverletzung m\u00f6glich. Bei Bekanntwerden von entsprechenden Rechtsverletzungen werden wir diese Inhalte umgehend entfernen.<\/p>\n<h4>Haftung f\u00fcr Links<\/h4>\n<p>Unser Angebot enth\u00e4lt Links zu externen Websites Dritter, auf deren Inhalte wir keinen Einfluss haben. Deshalb k\u00f6nnen wir f\u00fcr diese fremden Inhalte auch keine Gew\u00e4hr \u00fcbernehmen. F\u00fcr die Inhalte der verlinkten Seiten ist stets der jeweilige Anbieter oder Betreiber der Seiten verantwortlich. Die verlinkten Seiten wurden zum Zeitpunkt der Verlinkung auf m\u00f6gliche Rechtsverst\u00f6\u00dfe \u00fcberpr\u00fcft. Rechtswidrige Inhalte waren zum Zeitpunkt der Verlinkung nicht erkennbar.<\/p>\n<p>Eine permanente inhaltliche Kontrolle der verlinkten Seiten ist jedoch ohne konkrete Anhaltspunkte einer Rechtsverletzung nicht zumutbar. Bei Bekanntwerden von Rechtsverletzungen werden wir derartige Links umgehend entfernen.<\/p>\n<h4>Urheberrecht<\/h4>\n<p>Die durch die Seitenbetreiber erstellten Inhalte und Werke auf diesen Seiten unterliegen dem deutschen Urheberrecht. Die Vervielf\u00e4ltigung, Bearbeitung, Verbreitung und jede Art der Verwertung au\u00dferhalb der Grenzen des Urheberrechtes bed\u00fcrfen der schriftlichen Zustimmung des jeweiligen Autors bzw. Erstellers. Downloads und Kopien dieser Seite sind nur f\u00fcr den privaten, nicht kommerziellen Gebrauch gestattet.<\/p>\n<p>Soweit die Inhalte auf dieser Seite nicht vom Betreiber erstellt wurden, werden die Urheberrechte Dritter beachtet. Insbesondere werden Inhalte Dritter als solche gekennzeichnet. Sollten Sie trotzdem auf eine Urheberrechtsverletzung aufmerksam werden, bitten wir um einen entsprechenden Hinweis. Bei Bekanntwerden von Rechtsverletzungen werden wir derartige Inhalte umgehend entfernen.<\/p>\n<p>Datenschutz:<\/p>\n<p>hier geht es direkt zu unsesrer <a href=\"https:\/\/wheels2rent.de\/en\/datenschutzerklaerung\/\">Datenschutzerkl\u00e4rung<\/a><\/p>\n\n\t\t<\/div>\n\t<\/div>\n<\/div><\/div><\/div><\/div>","protected":false},"excerpt":{"rendered":"Impressum - Angaben gem\u00e4\u00df \u00a7 5 TMG Joachim Heuer Haldenstra\u00dfe 6 73730 Esslingen Vertreten durch: Joachim Heuer Dipl-Ing. (FH) Kontakt Telefon: +49 711 52 85 15 28 E-Mail: joachim(\u00e4d)heuer-radsport(dot)de Umsatzsteuer-ID Umsatzsteuer-Identifikationsnummer gem\u00e4\u00df \u00a727 a Umsatzsteuergesetz: DE26ZZZ00002299662 Verantwortlich f\u00fcr den Inhalt nach \u00a7 55 Abs. 2 RStV Joachim Heuer Dipl-Ing. (FH) Streitschlichtung Die Europ\u00e4ische Kommission stellt [...]","protected":false},"author":3,"featured_media":4484,"parent":0,"menu_order":0,"comment_status":"closed","ping_status":"closed","template":"","meta":[],"yoast_head":"<!-- This site is optimized with the Yoast SEO plugin v17.5 - https:\/\/yoast.com\/wordpress\/plugins\/seo\/ -->\n<title>Impressum - Heuer Radsport in Esslingen bei Stuttgart<\/title>\n<meta name=\"description\" content=\"Impressum - Heuer Radsport in Esslingen bei Stuttgart - professionelle Radsportartikel f\u00fcr ambitionierte Radsportler im Online-shop!\" \/>\n<meta name=\"robots\" content=\"index, follow, max-snippet:-1, max-image-preview:large, max-video-preview:-1\" \/>\n<link rel=\"canonical\" href=\"https:\/\/wheels2rent.de\/en\/impressum\/\" \/>\n<meta property=\"og:locale\" content=\"en_GB\" \/>\n<meta property=\"og:type\" content=\"article\" \/>\n<meta property=\"og:title\" content=\"Impressum - Heuer Radsport in Esslingen bei Stuttgart\" \/>\n<meta property=\"og:description\" content=\"Impressum - Heuer Radsport in Esslingen bei Stuttgart - professionelle Radsportartikel f\u00fcr ambitionierte Radsportler im Online-shop!\" \/>\n<meta property=\"og:url\" content=\"https:\/\/wheels2rent.de\/en\/impressum\/\" \/>\n<meta property=\"og:site_name\" content=\"Wheels2rent\" \/>\n<meta property=\"article:publisher\" content=\"https:\/\/www.facebook.com\/HeuerRadsport\/\" \/>\n<meta property=\"article:modified_time\" content=\"2020-03-05T09:50:36+00:00\" \/>\n<meta property=\"og:image\" content=\"https:\/\/wheels2rent.de\/test\/wp-content\/uploads\/2019\/11\/heuer_Radsport_logo_512.jpg\" \/>\n\t<meta property=\"og:image:width\" content=\"512\" \/>\n\t<meta property=\"og:image:height\" content=\"512\" \/>\n<meta name=\"twitter:card\" content=\"summary_large_image\" \/>\n<meta name=\"twitter:site\" content=\"@radsport_heuer\" \/>\n<meta name=\"twitter:label1\" content=\"Estimated reading time\" \/>\n\t<meta name=\"twitter:data1\" content=\"2 minutes\" \/>\n<script type=\"application\/ld+json\" class=\"yoast-schema-graph\">{\"@context\":\"https:\/\/schema.org\",\"@graph\":[{\"@type\":\"Organization\",\"@id\":\"https:\/\/wheels2rent.de\/#organization\",\"name\":\"Heuer Radsport\",\"url\":\"https:\/\/wheels2rent.de\/\",\"sameAs\":[\"https:\/\/www.facebook.com\/HeuerRadsport\/\",\"https:\/\/www.instagram.com\/radsport_heuer\/\",\"https:\/\/www.youtube.com\/channel\/UCuFkVFhY376_zRGfw_0Oy-Q\",\"https:\/\/twitter.com\/radsport_heuer\"],\"logo\":{\"@type\":\"ImageObject\",\"@id\":\"https:\/\/wheels2rent.de\/#logo\",\"inLanguage\":\"en-GB\",\"url\":\"https:\/\/wheels2rent.de\/test\/wp-content\/uploads\/2019\/01\/logo2.jpg\",\"contentUrl\":\"https:\/\/wheels2rent.de\/test\/wp-content\/uploads\/2019\/01\/logo2.jpg\",\"width\":750,\"height\":186,\"caption\":\"Heuer Radsport\"},\"image\":{\"@id\":\"https:\/\/wheels2rent.de\/#logo\"}},{\"@type\":\"WebSite\",\"@id\":\"https:\/\/wheels2rent.de\/#website\",\"url\":\"https:\/\/wheels2rent.de\/\",\"name\":\"Heuer Radsport\",\"description\":\"Vollgas! oder einfach: Kette rechts\",\"publisher\":{\"@id\":\"https:\/\/wheels2rent.de\/#organization\"},\"potentialAction\":[{\"@type\":\"SearchAction\",\"target\":{\"@type\":\"EntryPoint\",\"urlTemplate\":\"https:\/\/wheels2rent.de\/?s={search_term_string}\"},\"query-input\":\"required name=search_term_string\"}],\"inLanguage\":\"en-GB\"},{\"@type\":\"ImageObject\",\"@id\":\"https:\/\/wheels2rent.de\/impressum\/#primaryimage\",\"inLanguage\":\"en-GB\",\"url\":\"https:\/\/wheels2rent.de\/test\/wp-content\/uploads\/2019\/11\/heuer_Radsport_logo_512.jpg\",\"contentUrl\":\"https:\/\/wheels2rent.de\/test\/wp-content\/uploads\/2019\/11\/heuer_Radsport_logo_512.jpg\",\"width\":512,\"height\":512,\"caption\":\"HEUER Radsport\"},{\"@type\":\"WebPage\",\"@id\":\"https:\/\/wheels2rent.de\/impressum\/#webpage\",\"url\":\"https:\/\/wheels2rent.de\/impressum\/\",\"name\":\"Impressum - Heuer Radsport in Esslingen bei Stuttgart\",\"isPartOf\":{\"@id\":\"https:\/\/wheels2rent.de\/#website\"},\"primaryImageOfPage\":{\"@id\":\"https:\/\/wheels2rent.de\/impressum\/#primaryimage\"},\"datePublished\":\"2018-12-13T17:41:15+00:00\",\"dateModified\":\"2020-03-05T09:50:36+00:00\",\"description\":\"Impressum - Heuer Radsport in Esslingen bei Stuttgart - professionelle Radsportartikel f\\u00fcr ambitionierte Radsportler im Online-shop!\",\"breadcrumb\":{\"@id\":\"https:\/\/wheels2rent.de\/impressum\/#breadcrumb\"},\"inLanguage\":\"en-GB\",\"potentialAction\":[{\"@type\":\"ReadAction\",\"target\":[\"https:\/\/wheels2rent.de\/impressum\/\"]}]},{\"@type\":\"BreadcrumbList\",\"@id\":\"https:\/\/wheels2rent.de\/impressum\/#breadcrumb\",\"itemListElement\":[{\"@type\":\"ListItem\",\"position\":1,\"name\":\"Home\",\"item\":\"https:\/\/wheels2rent.de\/\"},{\"@type\":\"ListItem\",\"position\":2,\"name\":\"Impressum\"}]}]}<\/script>\n<!-- \/ Yoast SEO plugin. -->","yoast_head_json":{"title":"Impressum - Heuer Radsport in Esslingen bei Stuttgart","description":"Impressum - Heuer Radsport in Esslingen bei Stuttgart - professionelle Radsportartikel f\u00fcr ambitionierte Radsportler im Online-shop!","robots":{"index":"index","follow":"follow","max-snippet":"max-snippet:-1","max-image-preview":"max-image-preview:large","max-video-preview":"max-video-preview:-1"},"canonical":"https:\/\/wheels2rent.de\/en\/impressum\/","og_locale":"en_GB","og_type":"article","og_title":"Impressum - Heuer Radsport in Esslingen bei Stuttgart","og_description":"Impressum - Heuer Radsport in Esslingen bei Stuttgart - professionelle Radsportartikel f\u00fcr ambitionierte Radsportler im Online-shop!","og_url":"https:\/\/wheels2rent.de\/en\/impressum\/","og_site_name":"Wheels2rent","article_publisher":"https:\/\/www.facebook.com\/HeuerRadsport\/","article_modified_time":"2020-03-05T09:50:36+00:00","og_image":[{"width":512,"height":512,"url":"https:\/\/wheels2rent.de\/test\/wp-content\/uploads\/2019\/11\/heuer_Radsport_logo_512.jpg","type":"image\/jpeg"}],"twitter_card":"summary_large_image","twitter_site":"@radsport_heuer","twitter_misc":{"Estimated reading time":"2 minutes"},"schema":{"@context":"https:\/\/schema.org","@graph":[{"@type":"Organization","@id":"https:\/\/wheels2rent.de\/#organization","name":"Heuer Radsport","url":"https:\/\/wheels2rent.de\/","sameAs":["https:\/\/www.facebook.com\/HeuerRadsport\/","https:\/\/www.instagram.com\/radsport_heuer\/","https:\/\/www.youtube.com\/channel\/UCuFkVFhY376_zRGfw_0Oy-Q","https:\/\/twitter.com\/radsport_heuer"],"logo":{"@type":"ImageObject","@id":"https:\/\/wheels2rent.de\/#logo","inLanguage":"en-GB","url":"https:\/\/wheels2rent.de\/test\/wp-content\/uploads\/2019\/01\/logo2.jpg","contentUrl":"https:\/\/wheels2rent.de\/test\/wp-content\/uploads\/2019\/01\/logo2.jpg","width":750,"height":186,"caption":"Heuer Radsport"},"image":{"@id":"https:\/\/wheels2rent.de\/#logo"}},{"@type":"WebSite","@id":"https:\/\/wheels2rent.de\/#website","url":"https:\/\/wheels2rent.de\/","name":"Heuer Radsport","description":"Vollgas! oder einfach: Kette rechts","publisher":{"@id":"https:\/\/wheels2rent.de\/#organization"},"potentialAction":[{"@type":"SearchAction","target":{"@type":"EntryPoint","urlTemplate":"https:\/\/wheels2rent.de\/?s={search_term_string}"},"query-input":"required name=search_term_string"}],"inLanguage":"en-GB"},{"@type":"ImageObject","@id":"https:\/\/wheels2rent.de\/impressum\/#primaryimage","inLanguage":"en-GB","url":"https:\/\/wheels2rent.de\/test\/wp-content\/uploads\/2019\/11\/heuer_Radsport_logo_512.jpg","contentUrl":"https:\/\/wheels2rent.de\/test\/wp-content\/uploads\/2019\/11\/heuer_Radsport_logo_512.jpg","width":512,"height":512,"caption":"HEUER Radsport"},{"@type":"WebPage","@id":"https:\/\/wheels2rent.de\/impressum\/#webpage","url":"https:\/\/wheels2rent.de\/impressum\/","name":"Impressum - Heuer Radsport in Esslingen bei Stuttgart","isPartOf":{"@id":"https:\/\/wheels2rent.de\/#website"},"primaryImageOfPage":{"@id":"https:\/\/wheels2rent.de\/impressum\/#primaryimage"},"datePublished":"2018-12-13T17:41:15+00:00","dateModified":"2020-03-05T09:50:36+00:00","description":"Impressum - Heuer Radsport in Esslingen bei Stuttgart - professionelle Radsportartikel f\u00fcr ambitionierte Radsportler im Online-shop!","breadcrumb":{"@id":"https:\/\/wheels2rent.de\/impressum\/#breadcrumb"},"inLanguage":"en-GB","potentialAction":[{"@type":"ReadAction","target":["https:\/\/wheels2rent.de\/impressum\/"]}]},{"@type":"BreadcrumbList","@id":"https:\/\/wheels2rent.de\/impressum\/#breadcrumb","itemListElement":[{"@type":"ListItem","position":1,"name":"Home","item":"https:\/\/wheels2rent.de\/"},{"@type":"ListItem","position":2,"name":"Impressum"}]}]}},"_links":{"self":[{"href":"https:\/\/wheels2rent.de\/en\/wp-json\/wp\/v2\/pages\/2875"}],"collection":[{"href":"https:\/\/wheels2rent.de\/en\/wp-json\/wp\/v2\/pages"}],"about":[{"href":"https:\/\/wheels2rent.de\/en\/wp-json\/wp\/v2\/types\/page"}],"author":[{"embeddable":true,"href":"https:\/\/wheels2rent.de\/en\/wp-json\/wp\/v2\/users\/3"}],"replies":[{"embeddable":true,"href":"https:\/\/wheels2rent.de\/en\/wp-json\/wp\/v2\/comments?post=2875"}],"version-history":[{"count":11,"href":"https:\/\/wheels2rent.de\/en\/wp-json\/wp\/v2\/pages\/2875\/revisions"}],"predecessor-version":[{"id":5442,"href":"https:\/\/wheels2rent.de\/en\/wp-json\/wp\/v2\/pages\/2875\/revisions\/5442"}],"wp:featuredmedia":[{"embeddable":true,"href":"https:\/\/wheels2rent.de\/en\/wp-json\/wp\/v2\/media\/4484"}],"wp:attachment":[{"href":"https:\/\/wheels2rent.de\/en\/wp-json\/wp\/v2\/media?parent=2875"}],"curies":[{"name":"wp","href":"https:\/\/api.w.org\/{rel}","templated":true}]}}